{"id":7375,"date":"2023-06-18T06:32:58","date_gmt":"2023-06-18T06:32:58","guid":{"rendered":"https:\/\/notropicllc.com\/?page_id=7375"},"modified":"2023-07-20T06:03:57","modified_gmt":"2023-07-20T06:03:57","slug":"product-validation","status":"publish","type":"page","link":"https:\/\/notropicllc.com\/pt\/product-validation\/","title":{"rendered":"Product Validation"},"content":{"rendered":"<div data-elementor-type=\"wp-page\" data-elementor-id=\"7375\" class=\"elementor elementor-7375\">\n\t\t\t\t\t\t\t\t\t<section class=\"elementor-section elementor-top-section elementor-element elementor-element-69584b4 elementor-section-boxed elementor-section-height-default elementor-section-height-default qodef-parallax-row-no qodef-content-aligment-left qodef-elementor-row-grid-no qodef-disabled-bg-image-bellow-no\" data-id=\"69584b4\" data-element_type=\"section\">\n\t\t\t\t\t\t<div class=\"elementor-container elementor-column-gap-default\">\n\t\t\t\t\t<div class=\"elementor-column elementor-col-50 elementor-top-column elementor-element elementor-element-40a176d\" data-id=\"40a176d\" data-element_type=\"column\">\n\t\t\t<div class=\"elementor-widget-wrap elementor-element-populated\">\n\t\t\t\t\t\t\t\t<div class=\"elementor-element elementor-element-2235bce elementor-widget elementor-widget-shortcode\" data-id=\"2235bce\" data-element_type=\"widget\" data-widget_type=\"shortcode.default\">\n\t\t\t\t<div class=\"elementor-widget-container\">\n\t\t\t\t\t<div class=\"elementor-shortcode\"><script type=\"text\/javascript\">if(!gform){document.addEventListener(\"gform_main_scripts_loaded\",function(){gform.scriptsLoaded=!0}),window.addEventListener(\"DOMContentLoaded\",function(){gform.domLoaded=!0});var gform={domLoaded:!1,scriptsLoaded:!1,initializeOnLoaded:function(o){gform.domLoaded&&gform.scriptsLoaded?o():!gform.domLoaded&&gform.scriptsLoaded?window.addEventListener(\"DOMContentLoaded\",o):document.addEventListener(\"gform_main_scripts_loaded\",o)},hooks:{action:{},filter:{}},addAction:function(o,n,r,t){gform.addHook(\"action\",o,n,r,t)},addFilter:function(o,n,r,t){gform.addHook(\"filter\",o,n,r,t)},doAction:function(o){gform.doHook(\"action\",o,arguments)},applyFilters:function(o){return gform.doHook(\"filter\",o,arguments)},removeAction:function(o,n){gform.removeHook(\"action\",o,n)},removeFilter:function(o,n,r){gform.removeHook(\"filter\",o,n,r)},addHook:function(o,n,r,t,i){null==gform.hooks[o][n]&&(gform.hooks[o][n]=[]);var e=gform.hooks[o][n];null==i&&(i=n+\"_\"+e.length),null==t&&(t=10),gform.hooks[o][n].push({tag:i,callable:r,priority:t})},doHook:function(o,n,r){if(r=Array.prototype.slice.call(r,1),null!=gform.hooks[o][n]){var t,i=gform.hooks[o][n];i.sort(function(o,n){return o.priority-n.priority});for(var e=0;e<i.length;e++)\"function\"!=typeof(t=i[e].callable)&&(t=window[t]),\"action\"==o?t.apply(null,r):r[0]=t.apply(null,r)}if(\"filter\"==o)return r[0]},removeHook:function(o,n,r,t){if(null!=gform.hooks[o][n])for(var i=gform.hooks[o][n],e=i.length-1;0<=e;e--)null!=t&&t!=i[e].tag||null!=r&&r!=i[e].priority||i.splice(e,1)}}}<\/script>\n                <div class='gf_browser_gecko gform_wrapper gravity-theme' id='gform_wrapper_1' ><div id='gf_1' class='gform_anchor' tabindex='-1'><\/div><form method='post' enctype='multipart\/form-data' target='gform_ajax_frame_1' id='gform_1'  action='\/pt\/wp-json\/wp\/v2\/pages\/7375#gf_1' data-trp-original-action=\"\/pt\/wp-json\/wp\/v2\/pages\/7375#gf_1\" >\n                        <div class='gform_body gform-body'><div id='gform_fields_1' class='gform_fields top_label form_sublabel_below description_below'><div id=\"field_1_1\" class=\"gfield gfield_contains_required field_sublabel_below field_description_below gfield_visibility_visible gform_access_code\"  data-field-class=\"gform_access_code\"><label class='gfield_label' for='input_1_1' >Code Validation<span class=\"gfield_required\"><span class=\"gfield_required gfield_required_text\">(obrigat\u00f3rio)<\/span><\/span><\/label><div class=\"ginput_container ginput_container_text ginput_container_access_code\"><input name=\"input_1\" id=\"input_1_1\" type=\"text\" value=\"\" class=\"access_code large\" tabindex='49'    aria-required=\"true\" aria-invalid=\"false\"   \/><\/div><\/div><div id=\"field_1_2\" class=\"gfield gfield--width-full field_sublabel_below field_description_below gfield_visibility_visible\" ><label class='gfield_label' for='input_1_2' >CAPTCHA<\/label><div class='gfield_captcha_container'><img class='gfield_captcha' src='https:\/\/notropicllc.com\/wp-content\/uploads\/gravity_forms\/0-733ac80b1c2d4fe8cfebc9abb7e306d9\/906374204.png' alt='' width='30' height='42' \/><img class='gfield_captcha' src='https:\/\/notropicllc.com\/wp-content\/uploads\/gravity_forms\/0-733ac80b1c2d4fe8cfebc9abb7e306d9\/1055155875.png' alt='' width='30' height='42' \/><img class='gfield_captcha' src='https:\/\/notropicllc.com\/wp-content\/uploads\/gravity_forms\/0-733ac80b1c2d4fe8cfebc9abb7e306d9\/376545455.png' alt='' width='30' height='42' \/><div class='gfield_captcha_input_container math_medium'><input type='text' autocomplete='off' name='input_2' id='input_1_2' tabindex='50'\/><input type='hidden' name='input_captcha_prefix_2' value='906374204,1055155875,376545455' \/><\/div><\/div><\/div><\/div><\/div>\n        <div class='gform_footer top_label'> <input type='submit' id='gform_submit_button_1' class='gform_button button' value='Submit' tabindex='51' onclick='if(window[\"gf_submitting_1\"]){return false;}  window[\"gf_submitting_1\"]=true;  ' onkeypress='if( event.keyCode == 13 ){ if(window[\"gf_submitting_1\"]){return false;} window[\"gf_submitting_1\"]=true;  jQuery(\"#gform_1\").trigger(\"submit\",[true]); }' \/> <input type='hidden' name='gform_ajax' value='form_id=1&amp;title=&amp;description=&amp;tabindex=49' \/>\n            <input type='hidden' class='gform_hidden' name='is_submit_1' value='1' \/>\n            <input type='hidden' class='gform_hidden' name='gform_submit' value='1' \/>\n            \n            <input type='hidden' class='gform_hidden' name='gform_unique_id' value='' \/>\n            <input type='hidden' class='gform_hidden' name='state_1' value='WyJbXSIsImY1OGNhZjg4NDNmMjJlMTljMTFmNmVjYTBjYTVjMjBjIl0=' \/>\n            <input type='hidden' class='gform_hidden' name='gform_target_page_number_1' id='gform_target_page_number_1' value='0' \/>\n            <input type='hidden' class='gform_hidden' name='gform_source_page_number_1' id='gform_source_page_number_1' value='1' \/>\n            <input type='hidden' name='gform_field_values' value='check=First+Choice%2CSecond+Choice' \/>\n            \n        <\/div>\n                        <input type=\"hidden\" name=\"trp-form-language\" value=\"pt\"\/><\/form>\n                        <\/div>\n                <iframe style='display:none;width:0px;height:0px;' src='about:blank' name='gform_ajax_frame_1' id='gform_ajax_frame_1' title='Este iframe cont\u00e9m a l\u00f3gica necess\u00e1ria para manusear os formul\u00e1rios Gravity Forms movidos a AJAX.'><\/iframe>\n                <script type=\"text\/javascript\">\n\/* <![CDATA[ *\/\n gform.initializeOnLoaded( function() {gformInitSpinner( 1, 'https:\/\/notropicllc.com\/wp-content\/plugins\/gravityforms\/images\/spinner.svg' );jQuery('#gform_ajax_frame_1').on('load',function(){var contents = jQuery(this).contents().find('*').html();var is_postback = contents.indexOf('GF_AJAX_POSTBACK') >= 0;if(!is_postback){return;}var form_content = jQuery(this).contents().find('#gform_wrapper_1');var is_confirmation = jQuery(this).contents().find('#gform_confirmation_wrapper_1').length > 0;var is_redirect = contents.indexOf('gformRedirect(){') >= 0;var is_form = form_content.length > 0 && ! is_redirect && ! is_confirmation;var mt = parseInt(jQuery('html').css('margin-top'), 10) + parseInt(jQuery('body').css('margin-top'), 10) + 100;if(is_form){jQuery('#gform_wrapper_1').html(form_content.html());if(form_content.hasClass('gform_validation_error')){jQuery('#gform_wrapper_1').addClass('gform_validation_error');} else {jQuery('#gform_wrapper_1').removeClass('gform_validation_error');}setTimeout( function() { \/* delay the scroll by 50 milliseconds to fix a bug in chrome *\/ jQuery(document).scrollTop(jQuery('#gform_wrapper_1').offset().top - mt); }, 50 );if(window['gformInitDatepicker']) {gformInitDatepicker();}if(window['gformInitPriceFields']) {gformInitPriceFields();}var current_page = jQuery('#gform_source_page_number_1').val();gformInitSpinner( 1, 'https:\/\/notropicllc.com\/wp-content\/plugins\/gravityforms\/images\/spinner.svg' );jQuery(document).trigger('gform_page_loaded', [1, current_page]);window['gf_submitting_1'] = false;}else if(!is_redirect){var confirmation_content = jQuery(this).contents().find('.GF_AJAX_POSTBACK').html();if(!confirmation_content){confirmation_content = contents;}setTimeout(function(){jQuery('#gform_wrapper_1').replaceWith(confirmation_content);jQuery(document).scrollTop(jQuery('#gf_1').offset().top - mt);jQuery(document).trigger('gform_confirmation_loaded', [1]);window['gf_submitting_1'] = false;wp.a11y.speak(jQuery('#gform_confirmation_message_1').text());}, 50);}else{jQuery('#gform_1').append(contents);if(window['gformRedirect']) {gformRedirect();}}jQuery(document).trigger('gform_post_render', [1, current_page]);} );} ); \n\/* ]]> *\/\n<\/script>\n<\/div>\n\t\t\t\t<\/div>\n\t\t\t\t<\/div>\n\t\t\t\t\t<\/div>\n\t\t<\/div>\n\t\t\t\t<div class=\"elementor-column elementor-col-50 elementor-top-column elementor-element elementor-element-0771855\" data-id=\"0771855\" data-element_type=\"column\">\n\t\t\t<div class=\"elementor-widget-wrap elementor-element-populated\">\n\t\t\t\t\t\t\t\t<div class=\"elementor-element elementor-element-10878f6 elementor-widget elementor-widget-qodef_image_with_text\" data-id=\"10878f6\" data-element_type=\"widget\" data-widget_type=\"qodef_image_with_text.default\">\n\t\t\t\t<div class=\"elementor-widget-container\">\n\t\t\t<div class=\"qodef-image-with-text-holder\">\n    <div class=\"qodef-iwt-image\">\n                                    <img loading=\"lazy\" decoding=\"async\" width=\"631\" height=\"692\" src=\"https:\/\/notropicllc.com\/wp-content\/uploads\/2023\/07\/sasaa.jpg\" class=\"attachment-full size-full\" alt=\"\" srcset=\"https:\/\/notropicllc.com\/wp-content\/uploads\/2023\/07\/sasaa.jpg 631w, https:\/\/notropicllc.com\/wp-content\/uploads\/2023\/07\/sasaa-274x300.jpg 274w, https:\/\/notropicllc.com\/wp-content\/uploads\/2023\/07\/sasaa-11x12.jpg 11w, https:\/\/notropicllc.com\/wp-content\/uploads\/2023\/07\/sasaa-600x658.jpg 600w\" sizes=\"auto, (max-width: 631px) 100vw, 631px\" \/>                        <\/div>\n    <div class=\"qodef-iwt-text-holder\">\n\n\t\t<div class=\"qodef-iwt-text-holder-inner\">\n\t\t\t\t\t\t\t<h4 class=\"qodef-iwt-title\" >enter code above under scratch area<\/h4>\n\t\t\t\t\t\t\t\t\t\t\t\t<\/div>\n\n\t\t    <\/div>\n<\/div>\t\t<\/div>\n\t\t\t\t<\/div>\n\t\t\t\t\t<\/div>\n\t\t<\/div>\n\t\t\t\t\t\t\t<\/div>\n\t\t<\/section>\n\t\t\t\t\t\t\t<\/div>","protected":false},"excerpt":{"rendered":"<p>enter code above under scratch area<\/p>","protected":false},"author":1,"featured_media":0,"parent":0,"menu_order":0,"comment_status":"closed","ping_status":"closed","template":"","meta":{"footnotes":""},"class_list":["post-7375","page","type-page","status-publish","hentry"],"_links":{"self":[{"href":"https:\/\/notropicllc.com\/pt\/wp-json\/wp\/v2\/pages\/7375","targetHints":{"allow":["GET"]}}],"collection":[{"href":"https:\/\/notropicllc.com\/pt\/wp-json\/wp\/v2\/pages"}],"about":[{"href":"https:\/\/notropicllc.com\/pt\/wp-json\/wp\/v2\/types\/page"}],"author":[{"embeddable":true,"href":"https:\/\/notropicllc.com\/pt\/wp-json\/wp\/v2\/users\/1"}],"replies":[{"embeddable":true,"href":"https:\/\/notropicllc.com\/pt\/wp-json\/wp\/v2\/comments?post=7375"}],"version-history":[{"count":10,"href":"https:\/\/notropicllc.com\/pt\/wp-json\/wp\/v2\/pages\/7375\/revisions"}],"predecessor-version":[{"id":7405,"href":"https:\/\/notropicllc.com\/pt\/wp-json\/wp\/v2\/pages\/7375\/revisions\/7405"}],"wp:attachment":[{"href":"https:\/\/notropicllc.com\/pt\/wp-json\/wp\/v2\/media?parent=7375"}],"curies":[{"name":"wp","href":"https:\/\/api.w.org\/{rel}","templated":true}]}}